{"id":231,"date":"2015-04-09T06:53:14","date_gmt":"2015-04-09T06:53:14","guid":{"rendered":"http:\/\/htnordic.se\/?page_id=231"},"modified":"2015-05-25T10:57:01","modified_gmt":"2015-05-25T10:57:01","slug":"horse-trainer-walkspeed-%e2%80%8e","status":"publish","type":"page","link":"http:\/\/htnordic.se\/fi\/horse-trainer-walkspeed-%e2%80%8e\/","title":{"rendered":"Walk"},"content":{"rendered":"<div id=\"pl-231\"><div class=\"panel-grid\" id=\"pg-231-0\" ><div class=\"panel-grid-cell\" id=\"pgc-231-0-0\" ><div class=\"so-panel widget widget_black-studio-tinymce widget_black_studio_tinymce panel-first-child panel-last-child\" id=\"panel-231-0-0-0\" data-index=\"0\"><div class=\"textwidget\"><h1 class=\"western\"><span style=\"color: #000000;\"><span style=\"font-family: inherit;\"><span style=\"font-size: x-large;\">HORSE-TRAINER WALK\/SPEED<\/span><\/span><\/span><\/h1>\n<p>- Onko vuosien osoittautunut markkinoiden johtava sis\u00e4ll\u00e4 koulutuksen apuv\u00e4lineit\u00e4, onko se tietoa koulutuksesta ja valmistautuminen kilpailuihin tai kuntoutukseen loukkaantumisen j\u00e4lkeen.Monia ainutlaatuisia ratkaisuja HORSE-TRAINER WALK tekev\u00e4t koneen markkinoiden eniten turvallisia ja siten parhaan mahdollisen ratkaisun oman hevosen.<\/p>\n<p>- Onko koulutus koneen hevosille. Sit\u00e4 voidaan k\u00e4ytt\u00e4\u00e4 ammatillisen koulutuksen vakaa, jonka kunnianhimoinen eliitti ratsastaja, on ratsastuskoulut, kuntoilijoille ja kasvattajia monia nuoria hevosia. Kansainv\u00e4linen el\u00e4inl\u00e4\u00e4k\u00e4rin kongressit testannut t\u00e4t\u00e4 vaihtoehtoista opetusmenetelm\u00e4 perusteellisesti, ja sanoa ett\u00e4 se on t\u00e4ydellinen ratkaisu rakentamiseen hevosen selk\u00e4\u00e4n, kantavuus, ja tasapaino. On osoitettu, ett\u00e4 v\u00e4hint\u00e4\u00e4n 75% takaisin menetet\u00e4\u00e4n, kun satula ja ratsastaja saada hevonen. Lis\u00e4ksi mittaukset osoittavat, ett\u00e4 hevoset kuukausien vakaita loput uudelleenkoulutus kolmen viikon kuluessa.<\/p>\n<p><span style=\"color: #000000;\"><span style=\"font-family: inherit;\"><span style=\"font-size: x-large;\">TOUCH DISPLAY<\/span><\/span><\/span><\/p>\n<p>HORSE-TRAINER Walk on tietokoneohjattu ja sit\u00e4 k\u00e4ytet\u00e4\u00e4n p\u00e4\u00e4 hevonen, joten turvallisuus on eritt\u00e4in hyv\u00e4, ja ett\u00e4 johdanto uutta hevonen kone on yksinkertainen, vaikka se koskee katkeamaton nuori tai innokas t\u00e4vlingsh\u00e4st.Maskinen on valmiiksi ohjelmoitu 10 kiinte\u00e4 ohjelma, joka toimii kautta s\u00e4\u00e4timen kosketusn\u00e4yt\u00f6ll\u00e4. N\u00e4m\u00e4 10 ohjelmat ovat eripituisia aikoja ja rinne vaihtelut (yl\u00f6s m\u00e4ke\u00e4). N\u00e4m\u00e4 ohjelmat kattavat 85% kaikista tr\u00e4ningsbehov.Men tietokoneessa on my\u00f6s kyky ohjelmointi jopa 100 yksitt\u00e4isiin ohjelmiin.<\/p>\n<p>Portaaton nopeuden asetus on helppo k\u00e4ytt\u00e4\u00e4. Sen avulla on mahdollista s\u00e4\u00e4t\u00e4\u00e4 nopeutta 0-15 km \/ h, ja siten voidaan sovittaa nopeus yksil\u00f6n hevosen optimaalinen vaikutus.<\/p>\n<p>Kun k\u00e4yt\u00e4t konetta, tila nopeus km \/ h, j\u00e4ljell\u00e4 olevan ajan ohjelma on k\u00e4ynniss\u00e4 ja kaltevuus (yl\u00f6s m\u00e4ke\u00e4) nauhalle asteina.<\/p>\n<p>Tietokoneen voi tallentaa enint\u00e4\u00e4n 100 hevosta nimiss\u00e4 rekisteriin.<\/p>\n<\/div><\/div><\/div><\/div><\/div>","protected":false},"excerpt":{"rendered":"<p>HORSE-TRAINER WALK\/SPEED &#8211; Onko vuosien osoittautunut markkinoiden johtava sis\u00e4ll\u00e4 koulutuksen apuv\u00e4lineit\u00e4, onko se tietoa koulutuksesta ja valmistautuminen kilpailuihin tai kuntoutukseen loukkaantumisen j\u00e4lkeen.Monia ainutlaatuisia ratkaisuja HORSE-TRAINER WALK tekev\u00e4t koneen markkinoiden eniten turvallisia ja siten parhaan mahdollisen ratkaisun oman hevosen. &#8211; Onko koulutus koneen hevosille. Sit\u00e4 voidaan k\u00e4ytt\u00e4\u00e4 ammatillisen koulutuksen vakaa, jonka kunnianhimoinen eliitti ratsastaja, on ratsastuskoulut, [&hellip;]<\/p>\n","protected":false},"author":6,"featured_media":0,"parent":0,"menu_order":0,"comment_status":"closed","ping_status":"closed","template":"page-templates\/full-width.php","meta":{"footnotes":""},"class_list":["post-231","page","type-page","status-publish","hentry"],"_links":{"self":[{"href":"http:\/\/htnordic.se\/fi\/wp-json\/wp\/v2\/pages\/231","targetHints":{"allow":["GET"]}}],"collection":[{"href":"http:\/\/htnordic.se\/fi\/wp-json\/wp\/v2\/pages"}],"about":[{"href":"http:\/\/htnordic.se\/fi\/wp-json\/wp\/v2\/types\/page"}],"author":[{"embeddable":true,"href":"http:\/\/htnordic.se\/fi\/wp-json\/wp\/v2\/users\/6"}],"replies":[{"embeddable":true,"href":"http:\/\/htnordic.se\/fi\/wp-json\/wp\/v2\/comments?post=231"}],"version-history":[{"count":3,"href":"http:\/\/htnordic.se\/fi\/wp-json\/wp\/v2\/pages\/231\/revisions"}],"predecessor-version":[{"id":889,"href":"http:\/\/htnordic.se\/fi\/wp-json\/wp\/v2\/pages\/231\/revisions\/889"}],"wp:attachment":[{"href":"http:\/\/htnordic.se\/fi\/wp-json\/wp\/v2\/media?parent=231"}],"curies":[{"name":"wp","href":"https:\/\/api.w.org\/{rel}","templated":true}]}}